{"id":35,"date":"2022-10-18T17:34:24","date_gmt":"2022-10-18T15:34:24","guid":{"rendered":"http:\/\/concoursinternationalopusartis.fr\/?page_id=35"},"modified":"2025-09-03T13:56:52","modified_gmt":"2025-09-03T11:56:52","slug":"reglement","status":"publish","type":"page","link":"https:\/\/concoursinternationalopusartis.fr\/index.php\/reglement\/","title":{"rendered":"R\u00e9glement"},"content":{"rendered":"\n<p><\/p>\n\n\n\n<ol class=\"wp-block-list\">\n<li>Le 4\u00e8me concours international Opus Artis est ouvert \u00e0 tous les pianistes de toute nationalit\u00e9. La limite d\u2019\u00e2ge est de 38 ans.<\/li>\n\n\n\n<li>Toute inscription implique l\u2019acceptation du r\u00e8glement.<br>Le candidat doit se pr\u00e9senter au jour et \u00e0 l\u2019heure de la convocation qui lui parviendra 5 jours avant la date du concours par lettre ou e-mail. En cas de non r\u00e9ception : en aviser le secr\u00e9tariat du concours. Seuls les candidats pr\u00e9sents aux jours et heures de la convocation seront entendus. L\u2019inscription ne sera accept\u00e9e que lorsque le droit d\u2019inscription aura \u00e9t\u00e9 pay\u00e9.<\/li>\n\n\n\n<li>Les candidats sont pri\u00e9s de pr\u00e9venir le secr\u00e9tariat en cas d\u2019absence.<\/li>\n\n\n\n<li>Le droit d\u2019inscription ne sera ni rembours\u00e9 ni report\u00e9 en aucun cas. <a rel=\"noreferrer noopener\" href=\"http:\/\/concoursinternationalopusartis.fr\/wp-content\/uploads\/2022\/10\/Rib-musici-Artis-paris-1-pdf-724x1024.jpg\" target=\"_blank\">Droit d\u2019inscription 100 euros <\/a><\/li>\n\n\n\n<li>Dans le cas o\u00f9 les inscriptions seraient trop importantes, l\u2019\u00e9preuve pourrait se d\u00e9rouler \u00e0 une date diff\u00e9rente de celle pr\u00e9vue.<\/li>\n\n\n\n<li>Le jury se r\u00e9serve le droit d\u2019arr\u00eater le candidat en cours d\u2019ex\u00e9cution et de ne pas distribuer tous les prix. En cas de litige, la voix du pr\u00e9sident est pr\u00e9pond\u00e9rante. Les d\u00e9cisions du jury sont sans appel. Aucune r\u00e9clamation ne sera admise.<\/li>\n\n\n\n<li>En cas d\u2019enregistrement ou diffusion, une autorisation pr\u00e9alable sera demand\u00e9e \u00e0 tous les artistes. Dans le cas d\u2019enregistrement ou diffusion, un salaire compl\u00e9mentaire sera vers\u00e9 \u00e0 ces artistes. Une feuille de pr\u00e9sence Sp\u00e9didam sera d\u00fbment remplie.<\/li>\n\n\n\n<li>Les frais de voyage et d\u2019h\u00e9bergement sont \u00e0 la charge des candidats.<\/li>\n\n\n\n<li>Les photocopies des partitions sont interdites (loi du 11\/03\/1957 code p\u00e9nal art. 425).<\/li>\n\n\n\n<li>Les r\u00e9sultats du concours de piano seront annonc\u00e9s publiquement \u00e0 la fin du concours de piano.<\/li>\n<\/ol>\n","protected":false},"excerpt":{"rendered":"","protected":false},"author":1,"featured_media":0,"parent":0,"menu_order":0,"comment_status":"closed","ping_status":"closed","template":"","meta":{"footnotes":""},"class_list":["post-35","page","type-page","status-publish","hentry"],"_links":{"self":[{"href":"https:\/\/concoursinternationalopusartis.fr\/index.php\/wp-json\/wp\/v2\/pages\/35","targetHints":{"allow":["GET"]}}],"collection":[{"href":"https:\/\/concoursinternationalopusartis.fr\/index.php\/wp-json\/wp\/v2\/pages"}],"about":[{"href":"https:\/\/concoursinternationalopusartis.fr\/index.php\/wp-json\/wp\/v2\/types\/page"}],"author":[{"embeddable":true,"href":"https:\/\/concoursinternationalopusartis.fr\/index.php\/wp-json\/wp\/v2\/users\/1"}],"replies":[{"embeddable":true,"href":"https:\/\/concoursinternationalopusartis.fr\/index.php\/wp-json\/wp\/v2\/comments?post=35"}],"version-history":[{"count":18,"href":"https:\/\/concoursinternationalopusartis.fr\/index.php\/wp-json\/wp\/v2\/pages\/35\/revisions"}],"predecessor-version":[{"id":920,"href":"https:\/\/concoursinternationalopusartis.fr\/index.php\/wp-json\/wp\/v2\/pages\/35\/revisions\/920"}],"wp:attachment":[{"href":"https:\/\/concoursinternationalopusartis.fr\/index.php\/wp-json\/wp\/v2\/media?parent=35"}],"curies":[{"name":"wp","href":"https:\/\/api.w.org\/{rel}","templated":true}]}}