{"id":187,"date":"2022-10-20T14:33:31","date_gmt":"2022-10-20T12:33:31","guid":{"rendered":"http:\/\/concoursinternationalopusartis.fr\/?page_id=187"},"modified":"2024-07-09T14:10:11","modified_gmt":"2024-07-09T12:10:11","slug":"recompenses-2","status":"publish","type":"page","link":"https:\/\/concoursinternationalopusartis.fr\/index.php\/recompenses-2\/","title":{"rendered":"R\u00e9compenses"},"content":{"rendered":"\n<p><\/p>\n\n\n\n<p class=\"has-larger-font-size\"><strong><em>R\u00c9COMPENSES :<\/em><\/strong><\/p>\n\n\n\n<p class=\"has-larger-font-size\"><br>Le premier prix recevra 3000 euros<br>Le deuxi\u00e8me prix recevra 2000 euros<br>Le troisi\u00e8me prix recevra 750 euros<\/p>\n\n\n\n<p><em>Des concerts sont pr\u00e9vus, pour les laur\u00e9ats de piano au choix du jury.<\/em><\/p>\n","protected":false},"excerpt":{"rendered":"<p>R\u00c9COMPENSES : Le premier prix recevra 3000 eurosLe deuxi\u00e8me prix recevra 2000 eurosLe troisi\u00e8me prix recevra 750 euros Des concerts sont pr\u00e9vus, pour les laur\u00e9ats de piano au choix du jury.<\/p>\n","protected":false},"author":1,"featured_media":0,"parent":0,"menu_order":0,"comment_status":"closed","ping_status":"closed","template":"","meta":{"footnotes":""},"class_list":["post-187","page","type-page","status-publish","hentry"],"_links":{"self":[{"href":"https:\/\/concoursinternationalopusartis.fr\/index.php\/wp-json\/wp\/v2\/pages\/187","targetHints":{"allow":["GET"]}}],"collection":[{"href":"https:\/\/concoursinternationalopusartis.fr\/index.php\/wp-json\/wp\/v2\/pages"}],"about":[{"href":"https:\/\/concoursinternationalopusartis.fr\/index.php\/wp-json\/wp\/v2\/types\/page"}],"author":[{"embeddable":true,"href":"https:\/\/concoursinternationalopusartis.fr\/index.php\/wp-json\/wp\/v2\/users\/1"}],"replies":[{"embeddable":true,"href":"https:\/\/concoursinternationalopusartis.fr\/index.php\/wp-json\/wp\/v2\/comments?post=187"}],"version-history":[{"count":6,"href":"https:\/\/concoursinternationalopusartis.fr\/index.php\/wp-json\/wp\/v2\/pages\/187\/revisions"}],"predecessor-version":[{"id":814,"href":"https:\/\/concoursinternationalopusartis.fr\/index.php\/wp-json\/wp\/v2\/pages\/187\/revisions\/814"}],"wp:attachment":[{"href":"https:\/\/concoursinternationalopusartis.fr\/index.php\/wp-json\/wp\/v2\/media?parent=187"}],"curies":[{"name":"wp","href":"https:\/\/api.w.org\/{rel}","templated":true}]}}